{"id":991,"date":"2017-01-29T03:30:21","date_gmt":"2017-01-29T02:30:21","guid":{"rendered":"https:\/\/www.petsparadisecr.com\/?page_id=991"},"modified":"2019-03-30T03:07:47","modified_gmt":"2019-03-30T02:07:47","slug":"training-center","status":"publish","type":"page","link":"https:\/\/www.petsparadisecr.com\/es\/training-center\/","title":{"rendered":"Centro de Adiestramiento Canino"},"content":{"rendered":"<p>[vc_row type=\u00bbfull_width_background\u00bb bg_image=\u00bb1333&#8243; bg_position=\u00bbright center\u00bb parallax_bg=\u00bbtrue\u00bb overlay=\u00bbtrue\u00bb overlay_color=\u00bbrgba(30,30,30,0.23)\u00bb class=\u00bbcover bgcenter trening-top\u00bb][vc_column][vc_custom_heading source=\u00bbpost_title\u00bb font_container=\u00bbtag:h2|font_size:36|text_align:left|color:%23ffffff\u00bb use_theme_fonts=\u00bbyes\u00bb css_animation=\u00bbfadeInRight\u00bb css=\u00bb.vc_custom_1486210547271{padding-top: 150px !important;padding-bottom: 200px !important;background-position: center !important;background-repeat: no-repeat !important;background-size: cover !important;}\u00bb el_class=\u00bbshadow\u00bb][\/vc_column][\/vc_row][vc_row][vc_column enable_animation=\u00bbtrue\u00bb animation=\u00bbfadeInUp\u00bb][block_title padding_desc=\u00bb10&#8243; title=\u00bbNUESTRA FILOSOFIA DE TRABAJO\u00bb]Incentivando la tenencia responsable de mascotas, invitamos a los due\u00f1os de perros a aprender un poco m\u00e1s sobre sus mejores amigos, entender su comportamiento y aprender la manera m\u00e1s eficiente de educarlo sin necesidad de usar la fuerza o el miedo.<\/p>\n<p>Pets Paradise es un Centro de Adiestramiento Canino pero a su vez \u00a0<strong><u>educamos<\/u><\/strong> a los perros e instruimos a sus due\u00f1os, nosotros NO solamente ADIESTRAMOS PERROS, los EDUCAMOS. <strong><u>Ya que existe una gran diferencia entre ambos terminos. <\/u><\/strong><\/p>\n<p>Para esto basamos nuestra metologia de trabajo en la ense\u00f1anza con clicker, t\u00e9cnica fundada en el REFORZAMIENTO POSITIVO y los principios b\u00e1sicos del aprendizaje animal lo que nos permite ense\u00f1ar nuevas conductas y corregir las que son inapropiadas.[\/block_title][\/vc_column][\/vc_row][vc_row bg_color=\u00bb#efefef\u00bb top_padding=\u00bb50&#8243; bottom_padding=\u00bb50&#8243;][vc_column enable_animation=\u00bbtrue\u00bb animation=\u00bbfadeInUp\u00bb][vc_custom_heading text=\u00bbEducaci\u00f3n Canina vs. Adiestramiento Canino\u00bb font_container=\u00bbtag:h2|text_align:center\u00bb use_theme_fonts=\u00bbyes\u00bb css_animation=\u00bbfadeInUp\u00bb][vc_row_inner css=\u00bb.vc_custom_1485908673335{margin-top: 50px !important;}\u00bb el_class=\u00bbtraining-options\u00bb][vc_column_inner width=\u00bb1\/3&#8243; enable_animation=\u00bbtrue\u00bb animation=\u00bbfadeInLeft\u00bb][services_medium icon_bool=\u00bbimage\u00bb dynamic_content_link=\u00bb\u00bb image=\u00bb1279&#8243;]<\/p>\n<p style=\"text-align: justify;\">Para poder comprender estos dos conceptos primero debemos entender la diferencia entre ellos, he aqu\u00ed una definicion basica de ambos conceptos.<\/p>\n<p style=\"text-align: justify;\">Podemos definir como <u>Educaci\u00f3n Canina<\/u>: todas aquellas Reglas b\u00e1sicas de comportamiento que le ense\u00f1amos a nuestro perros que nos generan una buena convivencia con los seres humanos y otras especies domesticas (ej.: no robar comida, no brinca sobre la gente, orinar afuera).<\/p>\n<p style=\"text-align: justify;\">Mientras que el Adiestramiento Canino: serian todas aquellas instrucciones de obediencia que se le ense\u00f1e a un perro con un fin determinado (sentarse, echarse, quieto, etc)<\/p>\n<p>[\/services_medium][\/vc_column_inner][vc_column_inner width=\u00bb1\/3&#8243; enable_animation=\u00bbtrue\u00bb animation=\u00bbfadeInUp\u00bb][services_medium icon_bool=\u00bbimage\u00bb dynamic_content_link=\u00bb\u00bb image=\u00bb1281&#8243;]<\/p>\n<p style=\"text-align: justify;\">Es por esto que, se puede tener un perro muy bien adiestrado, el cual se sienta, se echa, se queda o se queda quieto a la orden; pero completamente mal educado, por lo que brinca encima la gente, roba comida de la mesa, se escapa de la casa, se sube a los sillones, hace huecos, no vienen cuando se le llama.<\/p>\n<p style=\"text-align: justify;\">En una sociedad donde el perro es un miembro mas de la familia, debemos tener ambos, \u00a0un perro EDUCADO y que su due\u00f1o sepa c\u00f3mo comunicarse correctamente con \u00e9l; pero a su vez sea un perro correctamente Adiestrado que tambi\u00e9n sepa\u00a0el respetar y obedecer a su due\u00f1o<\/p>\n<p style=\"text-align: justify;\">El Adiestramiento Canino\u00a0no resuelve los problemas de comportamiento en la casa, ya que solo le ense\u00f1ara a su perro comandos b\u00e1sicos, no el como comportarse en familia; los problemas de comportamiento solo se resuelven con un correcto programa de Educaci\u00f3n Canina, el cual debe incluir al perro y a su familia. De la misma forma que todo padre toma el tiempo necesario para educar a sus hijos, se debe tomar el tiempo para educar a su perro, es parte de la responsabilidad que tener un perro conlleva.<\/p>\n<p>[\/services_medium][\/vc_column_inner][vc_column_inner width=\u00bb1\/3&#8243; enable_animation=\u00bbtrue\u00bb animation=\u00bbfadeInRight\u00bb][services_medium icon_bool=\u00bbimage\u00bb dynamic_content_link=\u00bb\u00bb image=\u00bb1283&#8243;]<\/p>\n<p style=\"text-align: justify;\">El ser perro no le da permiso para ser mal educado, mal criado e inmanejable.<\/p>\n<p style=\"text-align: justify;\">Ning\u00fan perro o persona nace educado, se educa atravez del tiempo.<\/p>\n<p style=\"text-align: justify;\">Estas diferencias fundamentales entre ambos conceptos de Adiestramiento Canino y Educaci\u00f3n Canina, generan que los due\u00f1os de perros no entienden pq si llevaron su perro a un programa de Adiestramiento Canino, el perro sigue siendo un desastre en la casa, La raz\u00f3n es muy sencilla, su perro fue adiestrado para respondes a comandos b\u00e1sicos, (sentarse, echarse, caminar con correa y quedarse quieto), generalmente con la correa puesta; Pero su perro nunca fue educado y a usted nunca se le explico como hacerlo.<\/p>\n<p style=\"text-align: justify;\">En Pets Paradise nos dedicamos tanto a Adiestrar como a EDUCAR a su perro e instruir a los due\u00f1os, de esta forma el perro pasara a ser un educado miembro de la familia, ademas de obedecer a su due\u00f1o, de esta forma \u00a0ambos podr\u00e1n gozar de una larga y feliz vida en familia<\/p>\n<p>[\/services_medium][\/vc_column_inner][\/vc_row_inner][\/vc_column][\/vc_row][vc_row][vc_column width=\u00bb2\/3&#8243; enable_animation=\u00bbtrue\u00bb animation=\u00bbfadeInUp\u00bb][block_title padding_desc=\u00bb10&#8243; title=\u00bbNuestra metodologia de trabajo: El Reforzamiento Positivo\u00bb]En Pets Paradise estamos dedicados a ayudar a las familias desarrollar una\u00a0 una relaci\u00f3n armoniosa con sus perros, utilizando exclusivamente m\u00e9todos de refuerzo positivo.<br \/>\nEn lugar de utilizar el dolor y el miedo, utilizamos m\u00e9todos de \u00a0Adiestramiento Canino y Educaci\u00f3n que su perro podr\u00e1\u00a0 disfrutar y le ayudar\u00e1 a ser un compa\u00f1ero complaciente\u00a0 y feliz.<br \/>\nTodos los comportamientos se ense\u00f1an con el Clicker. Esta t\u00e9cnica ha permitido a los investigadores y entrenadores de animales a entrenar a delfines y otros animales salvajes.<br \/>\nTe ense\u00f1arenos c\u00f3mo hacer para que tu perro para\u00a0 \u201cquiera\u201d hacer lo que le pides, de una forma r\u00e1pida y alegre. Nuestro objetivo es ayudar a tu perro para que aprenda a ser un \u201cperro pensante y cooperador\u201d. Este m\u00e9todo le aumentar\u00e1 la confianza en s\u00ed mismo y le ayudar\u00e1 a construir una\u00a0 relacion s\u00f3lida y de confianza con su due\u00f1o.<br \/>\nNuestro objetivo es ayudarte a crear una mejor comunicaci\u00f3n con tu perro, la cual se podr\u00e1 aplicar para desarrollar una obediencia b\u00e1sica, hasta solucionar\u00a0 problemas de agresi\u00f3n 0-y miedo a trav\u00e9s de la modificaci\u00f3n de la conducta,<br \/>\nNo usamos collares de ahorque o shock ni ninguna otra herramienta que provoque miedo o cause dolor.<br \/>\nLa utilizaci\u00f3n del clicker, es un programa de Adiestramiento Canino y educaci\u00f3n con reforzamiento positivo, que te ayudar\u00e1 a lograr que tu perro sea la mascota que siempre has deaaseado.[\/block_title][\/vc_column][vc_column width=\u00bb1\/3&#8243; el_class=\u00bbimg-hover\u00bb][media animation=\u00bbRight\u00bb link=\u00bb\u00bb image=\u00bb948&#8243;][\/vc_column][\/vc_row][vc_row][vc_column width=\u00bb1\/3&#8243; enable_animation=\u00bbtrue\u00bb animation=\u00bbfadeInUp\u00bb][media link=\u00bb\u00bb image=\u00bb950&#8243;][\/vc_column][vc_column width=\u00bb2\/3&#8243; el_class=\u00bbimg-hover\u00bb][block_title padding_desc=\u00bb10&#8243; title=\u00bbQu\u00e9 es un Programa de Adiestramiento Canino con Clicker?\u00bb]El sonido de un clicker est\u00e1 asociado con algo deseado, una recompensa como comida, un juguete o una caricia. Tan pronto como se realiza una asociaci\u00f3n entre el Click y la recompensa, este Click se utiliza como un \u00abmarcador\u00bb del comportamiento, diciendo que lo que el perro ha hecho va a ser recompensado.<\/p>\n<p>Comportamientos que son reforzados positivamente son m\u00e1s propensos a ser repetidos. R\u00e1pidamente, el animal ofrece estos comportamientos a menudo, con el fin de ganar el Click y la recompensa. Es muy sencillo transferir estas nuevas habilidades en la vida diaria, us\u00e1ndolas en momentos en que su perro sol\u00eda participar en comportamiento indeseable. Pronto se formar\u00e1n nuevos h\u00e1bitos. Te ayudaremos a crear un plan sencillo para lograrlo.[\/block_title][\/vc_column][\/vc_row][vc_row type=\u00bbfull_width_background\u00bb bg_image=\u00bb1017&#8243; bg_position=\u00bbcenter bottom\u00bb parallax_bg=\u00bbtrue\u00bb top_padding=\u00bb200&#8243; bottom_padding=\u00bb200&#8243;][vc_column enable_animation=\u00bbtrue\u00bb animation=\u00bbfadeInUp\u00bb][\/vc_column][\/vc_row][vc_row type=\u00bbfull_width_background\u00bb top_padding=\u00bb50&#8243; bottom_padding=\u00bb50&#8243;][vc_column enable_animation=\u00bbtrue\u00bb animation=\u00bbfadeInUp\u00bb][vc_custom_heading text=\u00bbPorque el Clicker?\u00bb font_container=\u00bbtag:h2|font_size:36|text_align:center|color:%23262626&#8243; use_theme_fonts=\u00bbyes\u00bb css_animation=\u00bbbounceIn\u00bb css=\u00bb.vc_custom_1486385102555{margin-bottom: 50px !important;padding-top: 30px !important;padding-bottom: 30px !important;}\u00bb][vc_column_text css_animation=\u00bbfadeInLeft\u00bb]Decimos que el adiestramiento canino y la educaci\u00f3n con clicker es muy simple, aunque no f\u00e1cil: y el usarlo eficientemente, puede tomar alg\u00fan tiempo para aprender a hacerlo correctamente, pero es un excelente experiencia llena de logro y satisfacciones.<\/p>\n<p>Este m\u00e9todo es tan eficaz que los perros aprenden s\u00faper r\u00e1pido, creando muy r\u00e1pidamente una sensaci\u00f3n de logro. Cuanto m\u00e1s aprendes, m\u00e1s quieres ense\u00f1ar, lo que te generra tu deseo de queres aprender mas para poder ense\u00f1ar m\u00e1s.<\/p>\n<p>Mucha gente pregunta por qu\u00e9 simplemente no puedo, sustituir el sonido del clicker por decir \u00abbuen perro\u00bb y darle una recompensa. Primero, el cerebro del perro debe procesar la palabra hablada antes de que se lleve a cabo una reacci\u00f3n. Cuando se utiliza un sonido mec\u00e1nico del clicker, la reacci\u00f3n es inmediata. Esto hace que aprendizaje ocurra mucho m\u00e1s r\u00e1pido. La precisi\u00f3n del tiempo es otra raz\u00f3n, ya que podemos hacer Click m\u00e1s r\u00e1pido de lo que hablamos, as\u00ed que el mensaje para el perro es mucho mas cirecto y claro.<\/p>\n<p>Otra raz\u00f3n se el hecho de que los perros no son verbales, as\u00ed que utilizar el lenguaje hablado para un programa de adiestramiento canino y de educaci\u00f3n es mucho m\u00e1s lento y a menudo puede ser frustrante tanto para el perro como para ti.<\/p>\n<p>A diferencia de nuestra voz, la cual casi siempre reflejan nuestro estado de \u00e1nimo, el Clicker siempre suena igual y siempre significa lo mismo: \u201clo hiciste bien, viene una recompensa\u201d.\u00a0 Lo cual, tambi\u00e9n permite que m\u00e1s de una persona practique cn el perro con menos confusi\u00f3n.<\/p>\n<h3 style=\"text-align: center; color: #fdc22d;\">Ens\u00e9\u00f1ale a tu perro con refuerzo positivo en Pets Paradise!<br \/>\nYa no tendr\u00e1s que obligar a tu perro para aprender.<br \/>\nYa que tendr\u00e1s un perro que est\u00e1 deseando aprender!<\/h3>\n<p>[\/vc_column_text][\/vc_column][\/vc_row][vc_row class=\u00bblists\u00bb][vc_column width=\u00bb1\/2&#8243; css=\u00bb.vc_custom_1485662666739{padding-right: 15px !important;padding-left: 15px !important;}\u00bb][vc_custom_heading text=\u00bbVENTAJAS DEL USO DEL CLICKER\u00bb font_container=\u00bbtag:h2|text_align:center\u00bb use_theme_fonts=\u00bbyes\u00bb css_animation=\u00bbbounceInDown\u00bb css=\u00bb.vc_custom_1485807283314{margin-bottom: 50px !important;}\u00bb][list icon=\u00bbmoon-checkmark-3&#8243;][list_item title=\u00bbEs un m\u00e9todo positivo y sin castigo.\u00bb][list_item title=\u00bbEs una forma de ense\u00f1ar que resulta divertida tanto para el perro como para el due\u00f1o.\u00bb][list_item title=\u00bbSe puede utilizar este m\u00e9todo independientemente de la edad del animal\u00bb][list_item title=\u00bbLos comportamientos aprendidos son mucho m\u00e1s resistentes a la extinci\u00f3n, as\u00ed que, aunque el perro est\u00e9 un tiempo sin practicar, se va a acordar perfectamente de lo que aprendi\u00f3.\u00bb][list_item title=\u00bbNo hay l\u00edmite en el n\u00famero de ejercicios. Con el clicker, usted le puede ense\u00f1ar cualquier cosa a su perro.\u00bb][\/list][vc_empty_space height=\u00bb40px\u00bb][vc_column_text]<\/p>\n<h3 style=\"text-align: center;\">Los objetivos de nuestras clases son darle los conocimientos y habilidades para que usted mismo pueda ense\u00f1ar a su perro con el m\u00e9todo del clicker.<\/h3>\n<p>[\/vc_column_text][\/vc_column][vc_column width=\u00bb1\/2&#8243; css=\u00bb.vc_custom_1485662678862{padding-right: 15px !important;padding-left: 15px !important;}\u00bb][vc_custom_heading text=\u00bbEn nuestras clases aprender\u00e1 a: \u00bb font_container=\u00bbtag:h2|text_align:center\u00bb use_theme_fonts=\u00bbyes\u00bb css_animation=\u00bbbounceInDown\u00bb css=\u00bb.vc_custom_1485807450117{margin-bottom: 50px !important;}\u00bb][list icon=\u00bbmoon-checkmark-3&#8243;][list_item title=\u00bbComunicarse y educar a su perro, de forma eficaz y divertida \u00ab][list_item title=\u00bbUtilizar el clicker como herramienta de comunicaci\u00f3n y trabajo \u00ab][list_item title=\u00bbManejar las distintas t\u00e9cnicas para la construcci\u00f3n de comportamientos.\u00bb][list_item title=\u00bbEnse\u00f1arle a su perros OBEDIENCIA, TRUCOS, AGILITY Y MUCHO MAS!\u00bb][\/list][vc_empty_space height=\u00bb40px\u00bb][vc_column_text]<\/p>\n<h3 style=\"text-align: center;\">\u00bfC\u00f3mo va a aprender estas t\u00e9cnicas? Practicando con su perro!<br \/>\nTraiga a su compa\u00f1ero para poder trabajar con \u00e9l.<br \/>\nTodo es posible con el reforzaminento positivo.<\/h3>\n<p>[\/vc_column_text][\/vc_column][\/vc_row][vc_row bg_color=\u00bb#efefef\u00bb top_padding=\u00bb50&#8243; bottom_padding=\u00bb50&#8243;][vc_column][block_title padding_desc=\u00bb10&#8243; title=\u00bbEl clicker se lo regalamos nosotros\u2026!\u00bb]<\/p>\n<h3 style=\"text-align: center;\">MODALIDADES DE Educaci\u00f3n Canina:<\/h3>\n<p>[\/block_title][vc_text_separator title=\u00bbSISTEMAS INDIVIDUALES\u00bb color=\u00bbwhite\u00bb css=\u00bb.vc_custom_1485807946048{padding-top: 30px !important;padding-bottom: 30px !important;}\u00bb][vc_column_text css_animation=\u00bbfadeInUp\u00bb css=\u00bb.vc_custom_1485807961424{padding-bottom: 30px !important;}\u00bb]<\/p>\n<p style=\"text-align: center;\">Estos cursos est\u00e1n enfocados en el desarrollo de una relaci\u00f3n agradable y armoniosa con su perro, as\u00ed como obtener un perro m\u00e1s educado, obediente, equilibrado y sin de problemas de comportamiento<\/p>\n<p>[\/vc_column_text][vc_row_inner css=\u00bb.vc_custom_1486385309449{padding-top: 50px !important;padding-bottom: 50px !important;}\u00bb el_class=\u00bbtraining-sistem\u00bb][vc_column_inner width=\u00bb1\/3&#8243;][services_medium title=\u00bbCurso para Cachorros\u00bb icon_bool=\u00bbimage\u00bb dynamic_content_link=\u00bb\u00bb image=\u00bb1390&#8243;]Este curso consta de 4 clases individuales con usted y su perro, durante cada clase se le dar\u00e1n los Conceptos te\u00f3ricos y pr\u00e1cticos sobre educaci\u00f3n y socializaci\u00f3n del cachorro; el como evitar y\/o solucionar problemas de comportamiento, as\u00ed como entender y saber c\u00f3mo manejar a tu perro. Las clases son una vez por semana, el horario es a convenir.[\/services_medium][\/vc_column_inner][vc_column_inner width=\u00bb1\/3&#8243;][services_medium title=\u00bbClases con tu perro\u00bb icon_bool=\u00bbimage\u00bb dynamic_content_link=\u00bb\u00bb image=\u00bb1388&#8243;]Este curso consta de 4 clases individuales con usted y su\u00a0 perro, durante cada clase se le dar\u00e1n los Conceptos Profesionales Te\u00f3ricos y las T\u00e9cnica Pr\u00e1cticas para solucionar problemas de comportamiento, as\u00ed como entender y saber c\u00f3mo manejar a tu perro. Las clases son una vez por semana, el horario es a convenir.[\/services_medium][\/vc_column_inner][vc_column_inner width=\u00bb1\/3&#8243;][services_medium title=\u00bbHospedaje con Adiestramiento\u00bb icon_bool=\u00bbimage\u00bb dynamic_content_link=\u00bb\u00bb image=\u00bb1404&#8243;]El perro se quede en nuestras instalaciones durante 2 semanas, tiempo en el que nosotros lo educamos y luego usted recibe con el perro el n\u00famero de clases que sean necesarias para aprender los Conceptos Profesionales Te\u00f3ricos y las T\u00e9cnica pr\u00e1cticas para solucionar problemas de comportamiento, as\u00ed como entender y saber c\u00f3mo manejar a su perro . Este precio incluyen la alimentaci\u00f3n, con nuestra dieta natural tipo BARF.[\/services_medium][\/vc_column_inner][\/vc_row_inner][vc_row_inner][vc_column_inner][vc_column_text]<\/p>\n<h4 style=\"text-align: center;\">Todos nuestros sistemas cuentan con nivel b\u00e1sico, intermedio y avanzado, los cualesconsisten en mismo tiempo de clases donde se va profundizando sobre lo aprendido en el nivel anterior.<\/h4>\n<p>[\/vc_column_text][\/vc_column_inner][\/vc_row_inner][vc_text_separator title=\u00bbSISTEMAS GRUPALES\u00bb color=\u00bbwhite\u00bb css=\u00bb.vc_custom_1485808257506{padding-top: 50px !important;padding-bottom: 60px !important;}\u00bb][vc_row_inner el_class=\u00bbtraining-sistem\u00bb][vc_column_inner width=\u00bb1\/2&#8243;][services_medium title=\u00bbDESTREZAS CANINAS: TRUCOS, AGILITY (agilidad canina) y MUCHO MAS\u00bb icon_bool=\u00bbimage\u00bb image=\u00bb1389&#8243;]Este curso, est\u00e1 dise\u00f1ado para despertar el Talento de su Perro, son clases en grupo, donde usted asiste con su perro. Durante las clases aprender\u00e1 los Conceptos Profesionales Te\u00f3ricos y las T\u00e9cnica pr\u00e1cticas para ense\u00f1arle a su perro trucos, obediencia y los obst\u00e1culos b\u00e1sicos de Agility. Este curso tiene una duraci\u00f3n de 6 semanas, las clases son una vez por semana, el horario es previamente determinado, normalmente los fines de semana. Este curso est\u00e1 considerado como el nivel 1 de Agility.[\/services_medium][\/vc_column_inner][vc_column_inner width=\u00bb1\/2&#8243;][services_medium title=\u00bbCLASES DE AGILITY\u00bb icon_bool=\u00bbimage\u00bb dynamic_content_link=\u00bb\u00bb image=\u00bb1386&#8243;]Este curso, est\u00e1 dise\u00f1ado para desarrollar las destrezas de su perro y las de su due\u00f1o o manejador, con el objetivo de llevarlos a un nivel competitivo de Agility. Son clases en grupo, donde usted asiste con su perro. Durante las clases aprender\u00e1 los Conceptos Profesionales Te\u00f3ricos y las T\u00e9cnica Pr\u00e1cticas para conducir un perro en una pista de agility; a la vez ense\u00f1arle a su perro todos los obst\u00e1culos que conforman una pista de Agility. Este curso tiene una duraci\u00f3n de 6 semanas, las clases son una vez por semana, el horario es previamente determinado, normalmente los fines de semana. Este curso se da en diferentes niveles de esta disciplina deportiva.[\/services_medium][\/vc_column_inner][\/vc_row_inner][\/vc_column][\/vc_row][vc_row][vc_column][block_title title=\u00bbREFERENCIA DE EDUCACION CANINA\u00bb][\/block_title][vc_empty_space][testimonial_carousel test_cat=\u00bb16&#8243; duration=\u00bb3000&#8243;][\/vc_column][\/vc_row]<\/p>","protected":false},"excerpt":{"rendered":"<p>[vc_row type=\u00bbfull_width_background\u00bb bg_image=\u00bb1333&#8243; bg_position=\u00bbright center\u00bb parallax_bg=\u00bbtrue\u00bb overlay=\u00bbtrue\u00bb overlay_color=\u00bbrgba(30,30,30,0.23)\u00bb class=\u00bbcover bgcenter trening-top\u00bb][vc_column][vc_custom_heading source=\u00bbpost_title\u00bb font_container=\u00bbtag:h2|font_size:36|text_align:left|color:%23ffffff\u00bb use_theme_fonts=\u00bbyes\u00bb css_animation=\u00bbfadeInRight\u00bb css=\u00bb.vc_custom_1486210547271{padding-top: 150px !important;padding-bottom: 200px !important;background-position: center !important;background-repeat: no-repeat !important;background-size: cover !important;}\u00bb el_class=\u00bbshadow\u00bb][\/vc_column][\/vc_row][vc_row][vc_column enable_animation=\u00bbtrue\u00bb animation=\u00bbfadeInUp\u00bb][block_title padding_desc=\u00bb10&#8243; title=\u00bbNUESTRA FILOSOFIA DE TRABAJO\u00bb]Incentivando la tenencia responsable de mascotas, invitamos a los due\u00f1os de perros a aprender un poco m\u00e1s sobre sus mejores amigos, entender [&hellip;]<\/p>\n","protected":false},"author":1,"featured_media":0,"parent":0,"menu_order":0,"comment_status":"closed","ping_status":"closed","template":"","meta":[],"_links":{"self":[{"href":"https:\/\/www.petsparadisecr.com\/es\/wp-json\/wp\/v2\/pages\/991"}],"collection":[{"href":"https:\/\/www.petsparadisecr.com\/es\/wp-json\/wp\/v2\/pages"}],"about":[{"href":"https:\/\/www.petsparadisecr.com\/es\/wp-json\/wp\/v2\/types\/page"}],"author":[{"embeddable":true,"href":"https:\/\/www.petsparadisecr.com\/es\/wp-json\/wp\/v2\/users\/1"}],"replies":[{"embeddable":true,"href":"https:\/\/www.petsparadisecr.com\/es\/wp-json\/wp\/v2\/comments?post=991"}],"version-history":[{"count":127,"href":"https:\/\/www.petsparadisecr.com\/es\/wp-json\/wp\/v2\/pages\/991\/revisions"}],"predecessor-version":[{"id":2174,"href":"https:\/\/www.petsparadisecr.com\/es\/wp-json\/wp\/v2\/pages\/991\/revisions\/2174"}],"wp:attachment":[{"href":"https:\/\/www.petsparadisecr.com\/es\/wp-json\/wp\/v2\/media?parent=991"}],"curies":[{"name":"wp","href":"https:\/\/api.w.org\/{rel}","templated":true}]}}