{"id":941,"date":"2017-01-28T22:49:18","date_gmt":"2017-01-28T21:49:18","guid":{"rendered":"https:\/\/www.petsparadisecr.com\/?page_id=941"},"modified":"2026-01-24T00:33:13","modified_gmt":"2026-01-23T23:33:13","slug":"about-us","status":"publish","type":"page","link":"https:\/\/www.petsparadisecr.com\/es\/about-us\/","title":{"rendered":"Quienes Somos"},"content":{"rendered":"<p>[vc_row type=\u00bbfull_width_background\u00bb bg_image=\u00bb1304&#8243; bg_position=\u00bbcenter center\u00bb parallax_bg=\u00bbtrue\u00bb overlay=\u00bbtrue\u00bb overlay_color=\u00bbrgba(30,30,30,0.23)\u00bb class=\u00bbcover bgcenter\u00bb][vc_column][vc_custom_heading source=\u00bbpost_title\u00bb font_container=\u00bbtag:h2|font_size:36|text_align:left|color:%23ffffff\u00bb use_theme_fonts=\u00bbyes\u00bb css_animation=\u00bbfadeInRight\u00bb css=\u00bb.vc_custom_1486208326209{padding-top: 150px !important;padding-bottom: 200px !important;background-position: center !important;background-repeat: no-repeat !important;background-size: cover !important;}\u00bb el_class=\u00bbshadow\u00bb][\/vc_column][\/vc_row][vc_row][vc_column][vc_custom_heading text=\u00bbQuienes Somos ?\u00bb font_container=\u00bbtag:h2|font_size:32px|text_align:center|color:%23444444|line_height:1.5&#8243; use_theme_fonts=\u00bbyes\u00bb css_animation=\u00bbfadeInDown\u00bb][\/vc_column][\/vc_row][vc_row bg_color=\u00bb#e8e8e8&#8243; top_padding=\u00bb30&#8243; bottom_padding=\u00bb30&#8243; class=\u00bbnomargins\u00bb][vc_column width=\u00bb1\/2&#8243;][vc_column_text css_animation=\u00bbfadeInLeft\u00bb]Pets Paradise, Hotel, Centro de Educaci\u00f3n y Adiestramiento Canino, tenemos mas de 25 a\u00f1os de experiencia en la Ense\u00f1anza, Adiestramiento, Educaci\u00f3n y Soluci\u00f3n de Problemas de Comportamiento Canino.<\/p>\n<p>Para nosotros es importante el equilibrio tanto mental como f\u00edsico de su perro, para lo cual disponemos de una seria de Herramientas Holisticas para alcanzarlo, como son el uso de Flores de Bach, Aceites Esenciales, Tellington Touch y dietas Naturales que nos permitan darle a su perro un tratamiento completo y profesional.<\/p>\n<p>Contamos con el \u00fanico M\u00e9dico Veterinario-Et\u00f3logo del pa\u00eds, con T\u00edtulos Universitarios en Comportamiento Animal,\u00a0\u00a0lo cual le otorga un gran respaldo y solidez a nuestro trabajo.[\/vc_column_text][\/vc_column][vc_column width=\u00bb1\/2&#8243;][media animation=\u00bbRight\u00bb link=\u00bb\u00bb image=\u00bb948&#8243;][\/vc_column][\/vc_row][vc_row bg_color=\u00bb#ffffff\u00bb top_padding=\u00bb30&#8243; bottom_padding=\u00bb30&#8243;][vc_column width=\u00bb1\/2&#8243;][media link=\u00bb\u00bb image=\u00bb950&#8243;][\/vc_column][vc_column width=\u00bb1\/2&#8243;][vc_column_text css_animation=\u00bbfadeInRight\u00bb]Pets Paradise se enorgullece de ser un Centro de Educaci\u00f3n y Adiestramiento Canino donde se utiliza y enfatiza el REFORZAMIENTO POSITIVO como \u00fanico m\u00e9todo de ense\u00f1anza. TODAS nuestras modalidades de Educaci\u00f3n y Adiestramiento Canino se realizan exclusivamente CON CLICKER, por lo que\u00a0 garantizamos un sistema\u00a0 basado 100% en REFORZAMIENTO POSITIVO.<\/p>\n<p>NO UTILIZAMOS collares de ahorque o shock.<\/p>\n<p>Con nosotros usted estar\u00e1 seguro de que su perro ser\u00e1 educado, sin correcciones ni castigos y por Profesionales en la materia.<\/p>\n<p>Nos especializamos en\u00a0 la visi\u00f3n de su perro como un ser integral,\u00a0 por lo que le brindamos la\u00a0 Educaci\u00f3n,\u00a0 terapias holisticas y deportes caninos como agility, flyball, luring, frisbee y trucos.<\/p>\n<p>Con nosotros encontraras un lugar donde recrearte con tu perro al mismo tiempo que lo educas.[\/vc_column_text][\/vc_column][\/vc_row][vc_row][vc_column][block_title padding_desc=\u00bb10&#8243; title=\u00bbNUESTRAS INSTALACIONES\u00bb]Nuestras instalaciones ofrecen un paisaje natural, rodeadas del verde de los \u00e1rboles, los r\u00edos cercanos refrescando el aire, el canto del gallo y las aves silvestres, las vacas y los caballos pastando cerca, nos dan el toque campestre que todos deseamos en unas vacaciones, no hay asfalto ni cemento que se recaliente con el sol.<\/p>\n<p>Pets Paradise est\u00e1 ubicado a s\u00f3lo 15\u00a0 minutos del centro de San Jos\u00e9, en una zona geogr\u00e1fica privilegiada, rodeada de reservas naturales, con un excelente clima, y construido dentro de un \u00e1rea de 10 mil metros cuadrados de zonas verdes, de las cuales la gran mayor\u00eda est\u00e1n adaptadas para el disfrute de sus perros.\u00a0\u00a0 Contamos con dos canchas oficiales de Agilidad Canina, con sus respectivos set completo de obst\u00e1culos, una cancha de Frisbee y un \u00e1rea para Flyball, y areas de juegos, todo esto adaptado para la seguridad de su mascota,<\/p>\n<p>Toda esta \u00e1rea, est\u00e1 rodeada por una cerca perimetral para asegurar la completa seguridad de sus perros, lo que nos permite realizar actividades al aire libre sin preocupaciones.[\/block_title][\/vc_column][\/vc_row][vc_row][vc_column][vc_custom_heading text=\u00bbNUESTROS PROFESIONALES\u00bb font_container=\u00bbtag:h2|font_size:30px|text_align:center|color:%23444444|line_height:1.5&#8243; use_theme_fonts=\u00bbyes\u00bb css_animation=\u00bbfadeInRight\u00bb][vc_empty_space height=\u00bb20px\u00bb][vc_row_inner][vc_column_inner width=\u00bb1\/2&#8243;][staff staff=\u00bb748&#8243;][\/vc_column_inner][vc_column_inner width=\u00bb1\/2&#8243;][staff staff=\u00bb747&#8243;][\/vc_column_inner][\/vc_row_inner][\/vc_column][\/vc_row][vc_row][vc_column][block_title padding_desc=\u00bb10&#8243; title=\u00bbSEMINARIOS ORGANIZADOS POR NUESTRO ESCUELA\u00bb]La educaci\u00f3n y b\u00fasqueda del conocimiento son una parte fundamental de nuestra formaci\u00f3n, por lo que en Pets Paradise nos preocupamos por traer expositores de talla mundial para impartir los mejores Seminarios seg\u00fan sus especialidades. En esta p\u00e1gina ver\u00e1s una muestra de los Seminarios organizados por nosotros:[\/block_title][\/vc_column][\/vc_row][vc_row][vc_column width=\u00bb2\/3&#8243;][list icon=\u00bbmoon-cone\u00bb][list_item title=\u00bb2004 &#8211; Primera Cl\u00ednica Internacional de Agilidad Canina en Costa Rica, con Chris Septer, Entrenadora y competidora en Agility, due\u00f1a del Free Spirit Training Center. http:\/\/www.freespirittraining.com\/\u00bb][list_item title=\u00bb2005 &#8211; Segunda Cl\u00ednica Internacional de Agilidad Canina en Costa Rica con Chris Septer, Entrenadora y competidora en Agility, due\u00f1a del Free Spirit Training Center. http:\/\/www.freespirittraining.com\/\u00bb][list_item title=\u00bb2006 &#8211; Tercera Cl\u00ednica Internacional de Agilidad Canina en Costa Rica con Stacy Goudy. Ha estado ense\u00f1ando, compitiendo y en general \u201cviviendo\u201d la agilidad canina desde 1989 cuando fue atra\u00edda por este deporte mientras compet\u00eda en obediencia con su perro b\u00f3xer \u00abJazz\u00ab. http:\/\/www.cspotwin.com\/\u00bb][list_item title=\u00bb2007 &#8211; Primer Seminario Internacional de Formaci\u00f3n de Jueces USDAA en Costa Rica, con el Sr. Kenneth Tascht Director y Fundador de USDAA www.usdaa.com y Rafale Qui\u00f1ones, Director y Fundador del Puerto Rico Agility Team. http:\/\/www.pragility.com\/\u00bb][list_item title=\u00bb2007 &#8211; Cuarta Cl\u00ednica de Internacional de Agilidad Canina en Costa Rica con Ka-ren Holik. Karen fue 8 veces miembro del equipo Mundial del AKC\/USA, 4 veces Campeona Nacional, Medallista de Oro en el Open del Mundial de Agilidad Canina (Inglaterra), Medallista de Plata en los Campeonatos Mundiales del FCI (Aus-tria).http:\/\/www.oncourseagility.com\/\u00bb][list_item title=\u00bb2007 &#8211; Quinta Cl\u00ednica Internacional de Agilidad Canina en Costa Rica con Stuart Mah. Stuart es un competidor de alto nivel en agilidad canina, compitiendo con \u00e9xito tanto a nivel nacional como internacional. Tiene una extensa experiencia en ense\u00f1anza tanto en los Estados Unidos como en el extranjero, haciendo \u00e9nfasis en las habilidades necesarias que permitan la formaci\u00f3n de excelentes perros y manejadores de agilidad canina. http:\/\/dogagility.biz\/about\/\u00bb][list_item title=\u00bb2008 &#8211; Segundo Seminario Internacional de Formaci\u00f3n de Jueces USDAA en Costa Rica, con Tim Laubach Director del Programa de Formaci\u00f3n de Jueces de USDAA. www.usdaa.com\u00bb][list_item title=\u00bb2010 &#8211; Sexta Cl\u00ednica Internacional de Agilidad Canina en Costa Rica con Diana Carson. Desde 1992, Diana ha estado entrenando y compitiendo en agilidad canina. Su actual compa\u00f1era de agilidad es \u00abJenna\u00ab, un Border Collie que ha aparecido en la lista de los 10 mejores del USDAA en muchas modalidades durante varios a\u00f1os, incluyendo ser el mejor perro en Estados Unidos bajo la modalidad \u201cGambler\u201d 22\u00ab en 2006. http:\/\/www.dallasdogsports.com\/instructors.php\u00bb][list_item title=\u00bb2013 &#8211; Primer Seminario &amp; Cl\u00ednica de Disc Dogging en Costa Rica con Mark Muir, Instructor y competidor de Disc Dogging, 7 Campe\u00f3n Nacional y 4 veces Campe\u00f3n Mundial. http:\/\/www.georgiairishdiscdogs.com\/\u00bb][list_item title=\u00bb2013 &#8211; Seminario Fundamentor Tellington Ttouch con Wendela Bicker Caar-ter,Espa\u00f1a, Terapeuta certificada del M\u00e9todo Tellington Ttouch P2. Dog Coach Adies-tradora Canina Positiva, Directora de Happy Animales.Www.happyanimales.com\u00bb][list_item title=\u00bb2015 Tercer Seminario Internacional de Formaci\u00f3n de Jueces USDAA en Costa Rica, con Tim Laubach, Director del Programa de Formaci\u00f3n de Jueces de USDAA. www.usdaa.com\u00bb][list_item title=\u00bb\u2022 2015 Organizaci\u00f3n del I REGIONAL CENTROAMERICANO DE AGILIDAD CANINA, con la participaci\u00f3n de 15 competidores de Mexico, Guatemala y Costa Rica.\u00bb][list_item title=\u00bb2016 Organizaci\u00f3n del II REGIONAL CENTROAMERICANO DE AGILIDAD CANINA, con la participaci\u00f3n de 25 competidores de Mexico, Guatemala, Panama, Argentina y Costa Rica.\u00bb][list_item title=\u00bb2016 Seminario de Masaje Canino, con Masajes Caninos Mexico.\u00bb][list_item title=\u00bb2016 Seminario Primeros Auxilios, RPC, con Sra. Colleen Cunningham, certificada en Primeros auxilios y RCP en perros y gatos en PetTECH (http:\/\/www.pettech.net\/index.php) PetTECH es el primer centro internacional de en-trenamiento en RCP y Primeros auxilios en perro y gatos. \u00ab][list_item title=\u00bb2016 Seminarios Masajes Canino para Perros Deportivos, con la Sra. Colleen Cunningham, Masajista Canina profesional, graduada en Rocky Mountain School of Animal Acupressure and Massage (http:\/\/www.rmsaam.com\/) \u00ab][list_item title=\u00bb2016 S\u00e9ptima Cl\u00ednica Internacional de Agilidad Canina en Costa Rica con Luciano Peccin. Juez FCA\/FCI de Agility. Director de la escuela SDAgility. Coach de la Selec-ci\u00f3n Argentina de Agility A&amp;C , AWC 2015 \u2013 A&amp;C y AWC 2016 Secretario de la Sub Comisi\u00f3n Nacional de Agility de la FCA. Propietario del Criadero Sweetness Dreams. Multi-Campe\u00f3n Americas y Caribe\u00bb][\/list][\/vc_column][vc_column width=\u00bb1\/3&#8243;][vc_row_inner css=\u00bb.vc_custom_1485751967297{padding-top: 20px !important;padding-bottom: 20px !important;}\u00bb][vc_column_inner][media animation=\u00bbRight\u00bb link=\u00bb\u00bb image=\u00bb1145&#8243;][\/vc_column_inner][\/vc_row_inner][vc_row_inner css=\u00bb.vc_custom_1485751975642{padding-top: 20px !important;padding-bottom: 20px !important;}\u00bb][vc_column_inner][media link=\u00bb\u00bb image=\u00bb1146&#8243;][\/vc_column_inner][\/vc_row_inner][vc_row_inner css=\u00bb.vc_custom_1485751990737{padding-top: 20px !important;padding-bottom: 20px !important;}\u00bb][vc_column_inner][media link=\u00bb\u00bb image=\u00bb1148&#8243;][\/vc_column_inner][\/vc_row_inner][vc_row_inner css=\u00bb.vc_custom_1485751990737{padding-top: 20px !important;padding-bottom: 20px !important;}\u00bb][vc_column_inner][media link=\u00bb\u00bb image=\u00bb981&#8243;][\/vc_column_inner][\/vc_row_inner][\/vc_column][\/vc_row]<\/p>","protected":false},"excerpt":{"rendered":"<p>[vc_row type=\u00bbfull_width_background\u00bb bg_image=\u00bb1304&#8243; bg_position=\u00bbcenter center\u00bb parallax_bg=\u00bbtrue\u00bb overlay=\u00bbtrue\u00bb overlay_color=\u00bbrgba(30,30,30,0.23)\u00bb class=\u00bbcover bgcenter\u00bb][vc_column][vc_custom_heading source=\u00bbpost_title\u00bb font_container=\u00bbtag:h2|font_size:36|text_align:left|color:%23ffffff\u00bb use_theme_fonts=\u00bbyes\u00bb css_animation=\u00bbfadeInRight\u00bb css=\u00bb.vc_custom_1486208326209{padding-top: 150px !important;padding-bottom: 200px !important;background-position: center !important;background-repeat: no-repeat !important;background-size: cover !important;}\u00bb el_class=\u00bbshadow\u00bb][\/vc_column][\/vc_row][vc_row][vc_column][vc_custom_heading text=\u00bbQuienes Somos ?\u00bb font_container=\u00bbtag:h2|font_size:32px|text_align:center|color:%23444444|line_height:1.5&#8243; use_theme_fonts=\u00bbyes\u00bb css_animation=\u00bbfadeInDown\u00bb][\/vc_column][\/vc_row][vc_row bg_color=\u00bb#e8e8e8&#8243; top_padding=\u00bb30&#8243; bottom_padding=\u00bb30&#8243; class=\u00bbnomargins\u00bb][vc_column width=\u00bb1\/2&#8243;][vc_column_text css_animation=\u00bbfadeInLeft\u00bb]Pets Paradise, Hotel, Centro de Educaci\u00f3n y Adiestramiento Canino, tenemos mas de 25 a\u00f1os de experiencia en la [&hellip;]<\/p>\n","protected":false},"author":1,"featured_media":0,"parent":0,"menu_order":0,"comment_status":"closed","ping_status":"closed","template":"","meta":[],"_links":{"self":[{"href":"https:\/\/www.petsparadisecr.com\/es\/wp-json\/wp\/v2\/pages\/941"}],"collection":[{"href":"https:\/\/www.petsparadisecr.com\/es\/wp-json\/wp\/v2\/pages"}],"about":[{"href":"https:\/\/www.petsparadisecr.com\/es\/wp-json\/wp\/v2\/types\/page"}],"author":[{"embeddable":true,"href":"https:\/\/www.petsparadisecr.com\/es\/wp-json\/wp\/v2\/users\/1"}],"replies":[{"embeddable":true,"href":"https:\/\/www.petsparadisecr.com\/es\/wp-json\/wp\/v2\/comments?post=941"}],"version-history":[{"count":38,"href":"https:\/\/www.petsparadisecr.com\/es\/wp-json\/wp\/v2\/pages\/941\/revisions"}],"predecessor-version":[{"id":2536,"href":"https:\/\/www.petsparadisecr.com\/es\/wp-json\/wp\/v2\/pages\/941\/revisions\/2536"}],"wp:attachment":[{"href":"https:\/\/www.petsparadisecr.com\/es\/wp-json\/wp\/v2\/media?parent=941"}],"curies":[{"name":"wp","href":"https:\/\/api.w.org\/{rel}","templated":true}]}}