{"id":884,"date":"2017-01-28T16:01:27","date_gmt":"2017-01-28T16:01:27","guid":{"rendered":"http:\/\/localhost\/fiverr5\/joryfreimann\/www\/?page_id=884"},"modified":"2017-02-10T01:49:23","modified_gmt":"2017-02-10T00:49:23","slug":"dog-hotel","status":"publish","type":"page","link":"https:\/\/www.petsparadisecr.com\/es\/dog-hotel\/","title":{"rendered":"Hotel para perros"},"content":{"rendered":"<p>[vc_row css_animation=\u00bbfadeInDown\u00bb type=\u00bbfull_width_background\u00bb bg_image=\u00bb1307&#8243; bg_position=\u00bbcenter center\u00bb parallax_bg=\u00bbtrue\u00bb overlay=\u00bbtrue\u00bb overlay_color=\u00bbrgba(2,2,2,0.15)\u00bb class=\u00bbcover bg_right_center\u00bb][vc_column][vc_custom_heading source=\u00bbpost_title\u00bb font_container=\u00bbtag:h2|font_size:36|text_align:left|color:%23ffffff\u00bb use_theme_fonts=\u00bbyes\u00bb css_animation=\u00bbfadeInRight\u00bb css=\u00bb.vc_custom_1486208711766{padding-top: 150px !important;padding-bottom: 200px !important;background-position: center !important;background-repeat: no-repeat !important;background-size: cover !important;}\u00bb el_class=\u00bbshadow\u00bb][\/vc_column][\/vc_row][vc_row][vc_column][vc_custom_heading text=\u00bbNUESTRO HOTEL\u00bb font_container=\u00bbtag:h2|font_size:32px|text_align:center|color:%23444444|line_height:1.5&#8243; use_theme_fonts=\u00bbyes\u00bb css_animation=\u00bbfadeInDown\u00bb css=\u00bb.vc_custom_1485808855244{padding-bottom: 40px !important;}\u00bb][vc_column_text css_animation=\u00bbfadeInRight\u00bb css=\u00bb.vc_custom_1485808880869{padding-top: 20px !important;padding-right: 20px !important;padding-bottom: 20px !important;padding-left: 20px !important;border-radius: 5px !important;}\u00bb el_class=\u00bbyellow-box\u00bb]<\/p>\n<p style=\"text-align: center;\">Cuando decidimos crear nuestro Hotel Canino, lo hicimos pensando a conciencia en lo mejor que se le puede brindar a un perro que est\u00e1 moment\u00e1neamente lejos de su casa y de sus due\u00f1os. Sab\u00edamos que habr\u00eda que evitar que extra\u00f1e demasiado, se aburra o se deprima&#8230;<\/p>\n<p style=\"text-align: center;\">La idea entonces fue, brindarle un lugar c\u00f3modo y seguro, que adem\u00e1s le resulte atractivo e interesante para pasar sus d\u00edas de vacaciones, hasta el momento de volver a casa.<\/p>\n<p style=\"text-align: center;\">Todo lo que hacemos en Pets`Paradise est\u00e1 pensado desde el punto de vista del perro para brindarles todo aquello que les gusta, necesitan o les divierte. Estamos orgullosos de tomarnos nuestro tiempo para conocer cada huesped individualmente, que le gusta, que no le gusta, como se comporta y asi poder llenar sus necesidades.<\/p>\n<p>[\/vc_column_text][\/vc_column][\/vc_row][vc_row type=\u00bbfull_width_background\u00bb bg_image=\u00bb968&#8243; bg_position=\u00bbcenter bottom\u00bb parallax_bg=\u00bbtrue\u00bb][vc_column background_color=\u00bb#ffffff\u00bb background_color_opacity=\u00bb0.85&#8243; css=\u00bb.vc_custom_1485905723004{padding-top: 20px !important;padding-right: 20px !important;padding-bottom: 20px !important;padding-left: 20px !important;border-radius: 5px !important;}\u00bb][block_title padding_desc=\u00bb10px\u00bb title=\u00bbVENTAJAS\u00bb]Volcamos en usted y en su perro toda nuestra experiencia y conocimientos buscando un com\u00fan denominador: su satisfacci\u00f3n; porque sabemos que su perro no es simplemente uno m\u00e1s, sino m\u00e1s bien, es el consentido de la casa.<\/p>\n<p>Contamos con personal 24\/7 y cada perro recibir\u00e1 trato profesional y personalizado.\u00a0 Ya que contamos con un m\u00e9dico veterinario, se les brinda supervisi\u00f3n veterinaria todo el tiempo mientras se encuentren en nuestro hotel.<\/p>\n<p>Durante la estancia de su perro en nuestro hotel, contar\u00e1 con su propia Habitacion.\u00a0 Esto le brindar\u00e1 su espacio personal d\u00f3nde descansar, dormir y comer tranquilamente, sin tener que preocuparse por el posible \u00abbullying\u00bb o acoso, robo de alimento o exceso de energ\u00eda de otros huespedes.\u00a0 Una habitacion privada y horas de juego grupales al aire libre, le brindan la combinaci\u00f3n perfecta para una placida estad\u00eda en nuestro hotel.<\/p>\n<p>Adem\u00e1s, para estar acorde con nuestra filosof\u00eda y visi\u00f3n Hol\u00edstica, nuestro precio de hospedaje incluye la alimentaci\u00f3n natural con nuestra dieta tipo BARF, de pollo, b\u00fafalo y\/o trucha. Por supuesto, que usted puede traer su alimento de preferencia si as\u00ed lo desea.<\/p>\n<p>La higiene y la salud de sus mascotas son otro de nuestros mayores enfoques.\u00a0 Por este motivo los habitaciones son desinfectados todos los d\u00edas y contamos con un estricto control de plagas como son pulgas y garrapatas. Debemos recalcar que como requisito de ingreso, todo hu\u00e9sped que se quede en nuestras instalaciones debe venir libre de par\u00e1sitos (internos y externos) as\u00ed como estar libre de enfermedades infectocontagiosas\u2013 con vacunas y papeles al d\u00eda.<\/p>\n<p>A los hu\u00e9spedes que permanezcan m\u00e1s de una semana en Pets Paradise, se les brindar\u00e1 el servicio de grooming b\u00e1sico gratis, para que al regresar a sus hogares puedan hasta dormir en cama con sus pap\u00e1s.<\/p>\n<p>Nuestro horario de atenci\u00f3n es de 8:00 am a 4:00\u00a0 pm. de Lunes a Domingos, incluyendo d\u00edas feriados.\u00a0 Aseg\u00farese de reservar con tiempo, ya que contamos con plazas limitadas.[\/block_title][\/vc_column][\/vc_row][vc_row][vc_column width=\u00bb2\/3&#8243; enable_animation=\u00bbtrue\u00bb animation=\u00bbfadeInLeft\u00bb css=\u00bb.vc_custom_1485655219803{padding-top: 60px !important;}\u00bb][block_title padding_desc=\u00bb10&#8243; title=\u00bbNUESTRAS HABITACIONES\u00bb]Las habitaciones que alojan a nuestros hu\u00e9spedes son individuales y cuentan con un dise\u00f1o exclusivo y espacioso que va entre los 15 a los 25 metros cuadrados.<br \/>\nCada estancia cuenta con amplio espacio interior y\u00a0 exterior,\u00a0 siempre impecablemente limpios, bajo techos altos y elevadas del suelo para darles un buen aislamiento t\u00e9rmico y buena ventilaci\u00f3n.<br \/>\nContamos con amplias zonas verdes donde nuestros hu\u00e9spedes salen a disfrutar de juegos al aire libre, para lo cual se crean grupos de las mismas cualidades o caracteres, de esta forma su perro puede estar siempre pas\u00e1ndolo bien como sus compa\u00f1eros de juegos; bajo la supervisi\u00f3n de nuestro equipo de profesionales[\/block_title][\/vc_column][vc_column width=\u00bb1\/3&#8243; el_class=\u00bbimg-hover\u00bb][media animation=\u00bbRight\u00bb image=\u00bb957&#8243;][\/vc_column][\/vc_row][vc_row type=\u00bbfull_width_background\u00bb bg_color=\u00bb#f7f7f7&#8243; bottom_padding=\u00bb50&#8243; class=\u00bbnomargins\u00bb][vc_column width=\u00bb1\/3&#8243; enable_animation=\u00bbtrue\u00bb animation=\u00bbfadeInLeft\u00bb el_class=\u00bbimg-hover\u00bb css=\u00bb.vc_custom_1485656714621{padding-top: 60px !important;}\u00bb][media link=\u00bb\u00bb image=\u00bb981&#8243;][\/vc_column][vc_column width=\u00bb2\/3&#8243; enable_animation=\u00bbtrue\u00bb animation=\u00bbfadeInRight\u00bb el_class=\u00bbimg-hover\u00bb css=\u00bb.vc_custom_1485656759058{padding-top: 80px !important;}\u00bb][block_title padding_desc=\u00bb10&#8243; title=\u00bbREQUISITOS PARA EL INGRESO\u00bb]En el momento de recibir a su perro, conversaremos sobre su car\u00e1cter y gustos para conocerlo mejor: cada due\u00f1o es quien mejor sabe qu\u00e9 es lo que su mascota va a disfrutar m\u00e1s, por lo que les solicitamos llenar nuestro formulario de ingreso, donde se podr\u00e1 plasmar todo esta informaci\u00f3n.<\/p>\n<p>Al ser la salud uno de nuestros pilares, todo hu\u00e9sped que ingrese a nuestras instalaciones debe venir son:<\/p>\n<ul>\n<li style=\"text-align: left;\">Sus vacunas al dia (Parvovirus, Distemper, Leptospira, Parainfluenza, Coronavirus, Hepatitis, Rabia, Bordetella (tos de las perreras) y Giardia).<\/li>\n<li style=\"text-align: left;\">Su desparasitacion de medicamento oral y su tratamiento antipulgas y garrapatas (pipeta) de no mas de 7 dias.<\/li>\n<li style=\"text-align: left;\">Su collar antigarrapatas de la marca Virbac.<\/li>\n<\/ul>\n<p>Pensando en la comodidad de su perro y el hacerlo sentir como en casa, se le sugiere a los due\u00f1os traerle:<\/p>\n<ul>\n<li style=\"text-align: left;\">su propia cama,<\/li>\n<li style=\"text-align: left;\">sus premios preferidos (huesitos para morder y galletas)<\/li>\n<li style=\"text-align: left;\">as\u00ed como un collar normal de nylon o cuero, no aceptamos collares de ahorque o picos ni cadena.<\/li>\n<\/ul>\n<p>[\/block_title][\/vc_column][\/vc_row]<\/p>","protected":false},"excerpt":{"rendered":"<p>[vc_row css_animation=\u00bbfadeInDown\u00bb type=\u00bbfull_width_background\u00bb bg_image=\u00bb1307&#8243; bg_position=\u00bbcenter center\u00bb parallax_bg=\u00bbtrue\u00bb overlay=\u00bbtrue\u00bb overlay_color=\u00bbrgba(2,2,2,0.15)\u00bb class=\u00bbcover bg_right_center\u00bb][vc_column][vc_custom_heading source=\u00bbpost_title\u00bb font_container=\u00bbtag:h2|font_size:36|text_align:left|color:%23ffffff\u00bb use_theme_fonts=\u00bbyes\u00bb css_animation=\u00bbfadeInRight\u00bb css=\u00bb.vc_custom_1486208711766{padding-top: 150px !important;padding-bottom: 200px !important;background-position: center !important;background-repeat: no-repeat !important;background-size: cover !important;}\u00bb el_class=\u00bbshadow\u00bb][\/vc_column][\/vc_row][vc_row][vc_column][vc_custom_heading text=\u00bbNUESTRO HOTEL\u00bb font_container=\u00bbtag:h2|font_size:32px|text_align:center|color:%23444444|line_height:1.5&#8243; use_theme_fonts=\u00bbyes\u00bb css_animation=\u00bbfadeInDown\u00bb css=\u00bb.vc_custom_1485808855244{padding-bottom: 40px !important;}\u00bb][vc_column_text css_animation=\u00bbfadeInRight\u00bb css=\u00bb.vc_custom_1485808880869{padding-top: 20px !important;padding-right: 20px !important;padding-bottom: 20px !important;padding-left: 20px !important;border-radius: 5px !important;}\u00bb el_class=\u00bbyellow-box\u00bb] Cuando decidimos crear nuestro Hotel Canino, lo [&hellip;]<\/p>\n","protected":false},"author":1,"featured_media":0,"parent":0,"menu_order":0,"comment_status":"closed","ping_status":"closed","template":"","meta":[],"_links":{"self":[{"href":"https:\/\/www.petsparadisecr.com\/es\/wp-json\/wp\/v2\/pages\/884"}],"collection":[{"href":"https:\/\/www.petsparadisecr.com\/es\/wp-json\/wp\/v2\/pages"}],"about":[{"href":"https:\/\/www.petsparadisecr.com\/es\/wp-json\/wp\/v2\/types\/page"}],"author":[{"embeddable":true,"href":"https:\/\/www.petsparadisecr.com\/es\/wp-json\/wp\/v2\/users\/1"}],"replies":[{"embeddable":true,"href":"https:\/\/www.petsparadisecr.com\/es\/wp-json\/wp\/v2\/comments?post=884"}],"version-history":[{"count":51,"href":"https:\/\/www.petsparadisecr.com\/es\/wp-json\/wp\/v2\/pages\/884\/revisions"}],"predecessor-version":[{"id":1422,"href":"https:\/\/www.petsparadisecr.com\/es\/wp-json\/wp\/v2\/pages\/884\/revisions\/1422"}],"wp:attachment":[{"href":"https:\/\/www.petsparadisecr.com\/es\/wp-json\/wp\/v2\/media?parent=884"}],"curies":[{"name":"wp","href":"https:\/\/api.w.org\/{rel}","templated":true}]}}