{"id":156,"date":"2017-01-27T23:10:19","date_gmt":"2017-01-27T22:10:19","guid":{"rendered":"https:\/\/www.petsparadisecr.com\/?page_id=156"},"modified":"2026-01-25T00:49:16","modified_gmt":"2026-01-24T23:49:16","slug":"home","status":"publish","type":"page","link":"https:\/\/www.petsparadisecr.com\/es\/","title":{"rendered":"P\u00e1gina principal"},"content":{"rendered":"<p>[vc_row css_animation=\u00bbslideInLeft\u00bb type=\u00bbfull_width_background\u00bb bottom_padding=\u00bb40&#8243;][vc_column css_animation=\u00bbfadeInRight\u00bb enable_animation=\u00bbtrue\u00bb animation=\u00bbfadeInLeft\u00bb][block_title inner_style_title=\u00bbonly_text\u00bb padding_desc=\u00bb20%\u00bb title=\u00bbBIENVENIDOS\u00bb]Gracias por visitar nuestra p\u00e1gina. Pets\u00b4 Paradise es un Centro Hol\u00edstico con servicios de \u00a0Hotel, Educaci\u00f3n y Adiestramiento Canino en Costa Rica,\u00a0 donde pensamos en su mascota como un ser integral. Para nosotros, un perro equilibrado es aquel que est\u00e1 sano mental y f\u00edsicamente, por lo que nuestro objetivo es darle a los due\u00f1os de mascotas un lugar donde su perro pueda encontrar dicho equilibrio. A trav\u00e9s de nuestro sitio web tendr\u00e1 la oportunidad de seleccionar la mejor opci\u00f3n para ustedes y su perro[\/block_title][block_title title=\u00bbHotel y Adiestramiento Canino\u00bb][\/block_title][\/vc_column][\/vc_row][vc_row type=\u00bbfull_width_background\u00bb bg_color=\u00bb#343434&#8243; text_color=\u00bblight\u00bb top_padding=\u00bb40&#8243; bottom_padding=\u00bb40&#8243; arrow_bottom=\u00bb1&#8243;][vc_column enable_animation=\u00bbtrue\u00bb animation=\u00bbfadeInUp\u00bb][block_title inner_style_title=\u00bbonly_text\u00bb padding_desc=\u00bb20%\u00bb title=\u00bbNUESTRO HOTEL\u00bb]Cuando decidimos crear nuestro Hotel Canino, lo hicimos pensando a conciencia en lo mejor que se le puede brindar a un perro que est\u00e1 moment\u00e1neamente lejos de su casa y de sus due\u00f1os. Sab\u00edamos que habr\u00eda que evitar que extra\u00f1e demasiado, se aburra o se deprima\u2026<\/p>\n<p>La idea entonces fue, brindarle un lugar c\u00f3modo y seguro, que adem\u00e1s le resulte atractivo e interesante para pasar sus d\u00edas de vacaciones, hasta el momento de volver a casa.[\/block_title][\/vc_column][\/vc_row][vc_row css_animation=\u00bbfadeInUp\u00bb][vc_column width=\u00bb1\/3&#8243;][services_media title=\u00bbVENTAJAS\u00bb photo=\u00bb1193&#8243; style=\u00bbstyle_2&#8243; link=\u00bbhttps:\/\/www.petsparadisecr.com\/dog-hotel\/\u00bb][\/services_media][\/vc_column][vc_column width=\u00bb1\/3&#8243;][services_media title=\u00bbNUESTRAS HABITACIONES\u00bb photo=\u00bb1195&#8243; style=\u00bbstyle_2&#8243; link=\u00bbhttps:\/\/www.petsparadisecr.com\/dog-hotel\/\u00bb][\/services_media][\/vc_column][vc_column width=\u00bb1\/3&#8243;][services_media title=\u00bbREQUISITOS DE ENTRADA\u00bb photo=\u00bb1196&#8243; style=\u00bbstyle_2&#8243; link=\u00bbhttps:\/\/www.petsparadisecr.com\/dog-hotel\/\u00bb][\/services_media][\/vc_column][\/vc_row][vc_row type=\u00bbfull_width_background\u00bb bg_color=\u00bb#efefef\u00bb borders=\u00bb1&#8243;][vc_column css_animation=\u00bbfadeInLeft\u00bb width=\u00bb1\/2&#8243; enable_animation=\u00bbtrue\u00bb animation=\u00bbfadeInLeft\u00bb][vc_custom_heading text=\u00bbCentro de Adiestramiento Canino\u00bb font_container=\u00bbtag:h2|font_size:22px|text_align:center|color:%23454545|line_height:30px\u00bb use_theme_fonts=\u00bbyes\u00bb css_animation=\u00bbfadeInLeft\u00bb][vc_empty_space height=\u00bb16px\u00bb][vc_column_text]Incentivando la tenencia responsable de mascotas, invitamos a los due\u00f1os de perros a aprender un poco m\u00e1s sobre sus mejores amigos, entender su comportamiento y aprender la manera m\u00e1s eficiente de educarlo sin necesidad de usar la fuerza o el miedo.[\/vc_column_text][button title=\u00bbVer detalles\u00bb link=\u00bbhttps:\/\/www.petsparadisecr.com\/training-center\/\u00bb icon=\u00bbmoon-info-2&#8243; align=\u00bbcenter\u00bb][\/vc_column][vc_column width=\u00bb1\/2&#8243;][media animation=\u00bbRight\u00bb link=\u00bbhttps:\/\/www.petsparadisecr.com\/training-center\/\u00bb image=\u00bb1204&#8243;][\/vc_column][\/vc_row][vc_row type=\u00bbfull_width_background\u00bb][vc_column css_animation=\u00bbfadeInLeft\u00bb width=\u00bb1\/2&#8243; enable_animation=\u00bbtrue\u00bb animation=\u00bbfadeInLeft\u00bb][media link=\u00bbhttps:\/\/www.petsparadisecr.com\/agility\/\u00bb image=\u00bb1206&#8243;][\/vc_column][vc_column width=\u00bb1\/2&#8243; enable_animation=\u00bbtrue\u00bb animation=\u00bbfadeInRight\u00bb][vc_custom_heading text=\u00bbAgility\u00bb font_container=\u00bbtag:h2|font_size:22px|text_align:center|color:%23454545|line_height:30px\u00bb use_theme_fonts=\u00bbyes\u00bb css_animation=\u00bbfadeInRight\u00bb][vc_empty_space height=\u00bb16px\u00bb][vc_column_text css_animation=\u00bbfadeInRight\u00bb]El Agility es un deporte canino abierto a todos los perros (sea cual sea su raza, con o sin pedigr\u00ed) que consiste en hacerlos superar diversos obst\u00e1culos con el fin de valorar su concentraci\u00f3n y agilidad. Constituye una modalidad deportiva y educativa que pretende mejorar la integraci\u00f3n del perro con su due\u00f1o y en la sociedad.[\/vc_column_text][button title=\u00bbVer detalles\u00bb link=\u00bbhttps:\/\/www.petsparadisecr.com\/agility\/\u00bb icon=\u00bbmoon-info-2&#8243; align=\u00bbcenter\u00bb][\/vc_column][\/vc_row][vc_row type=\u00bbfull_width_background\u00bb bg_color=\u00bb#343434&#8243; text_color=\u00bblight\u00bb top_padding=\u00bb40&#8243; bottom_padding=\u00bb40&#8243; arrow_bottom=\u00bb1&#8243;][vc_column enable_animation=\u00bbtrue\u00bb animation=\u00bbfadeInUp\u00bb][block_title inner_style_title=\u00bbonly_text\u00bb padding_desc=\u00bb20%\u00bb title=\u00bbDeportes Caninos\u00bb]Nuestros perros han representado a Costa Rica en numerosos eventos internacionales\u00a0 dejando el nombre de nuestro pa\u00eds muy en alto.[\/block_title][\/vc_column][\/vc_row][vc_row css_animation=\u00bbfadeInUp\u00bb class=\u00bbfeatures home_training\u00bb][vc_column width=\u00bb1\/3&#8243;][services_media title=\u00bbAGILITY\u00bb photo=\u00bb1017&#8243; style=\u00bbstyle_2&#8243; link=\u00bbhttps:\/\/www.petsparadisecr.com\/es\/agility\/\u00bb][\/services_media][\/vc_column][vc_column width=\u00bb1\/3&#8243;][services_media title=\u00bbJueces internacionales\u00bb photo=\u00bb1115&#8243; style=\u00bbstyle_2&#8243; link=\u00bbhttps:\/\/www.petsparadisecr.com\/dog-sport\/\u00bb][\/services_media][\/vc_column][vc_column width=\u00bb1\/3&#8243;][services_media title=\u00bbEventos internacionales\u00bb photo=\u00bb1082&#8243; style=\u00bbstyle_2&#8243; link=\u00bbhttps:\/\/www.petsparadisecr.com\/dog-sport\/\u00bb][\/services_media][\/vc_column][\/vc_row][vc_row css_animation=\u00bbfadeInUp\u00bb][vc_column][block_title title=\u00bbOpiniones de nuestros clientes\u00bb][\/block_title][vc_empty_space][testimonial_cycle test_cat=\u00bb15&#8243;][\/vc_column][\/vc_row][vc_row type=\u00bbfull_width_background\u00bb bg_color=\u00bb#343434&#8243; text_color=\u00bblight\u00bb top_padding=\u00bb35&#8243; bottom_padding=\u00bb35&#8243; arrow_top=\u00bb1&#8243;][vc_column enable_animation=\u00bbtrue\u00bb animation=\u00bbfadeInUp\u00bb][textbar title=\u00bbContacte con nosotros en cualquier momento\u00bb button_title=\u00bbCont\u00e1ctenos\u00bb button_link=\u00bbhttps:\/\/www.petsparadisecr.com\/contact\/\u00bb icon=\u00bbmoon-mail-send\u00bb][\/vc_column][\/vc_row]<\/p>\n","protected":false},"excerpt":{"rendered":"<p>[vc_row css_animation=\u00bbslideInLeft\u00bb type=\u00bbfull_width_background\u00bb bottom_padding=\u00bb40&#8243;][vc_column css_animation=\u00bbfadeInRight\u00bb enable_animation=\u00bbtrue\u00bb animation=\u00bbfadeInLeft\u00bb][block_title inner_style_title=\u00bbonly_text\u00bb padding_desc=\u00bb20%\u00bb title=\u00bbBIENVENIDOS\u00bb]Gracias por visitar nuestra p\u00e1gina. Pets\u00b4 Paradise es un Centro Hol\u00edstico con servicios de \u00a0Hotel, Educaci\u00f3n y Adiestramiento Canino en Costa Rica,\u00a0 donde pensamos en su mascota como un ser integral. Para nosotros, un perro equilibrado es aquel que est\u00e1 sano mental y f\u00edsicamente, por lo [&hellip;]<\/p>\n","protected":false},"author":1,"featured_media":0,"parent":0,"menu_order":0,"comment_status":"closed","ping_status":"closed","template":"","meta":[],"_links":{"self":[{"href":"https:\/\/www.petsparadisecr.com\/es\/wp-json\/wp\/v2\/pages\/156"}],"collection":[{"href":"https:\/\/www.petsparadisecr.com\/es\/wp-json\/wp\/v2\/pages"}],"about":[{"href":"https:\/\/www.petsparadisecr.com\/es\/wp-json\/wp\/v2\/types\/page"}],"author":[{"embeddable":true,"href":"https:\/\/www.petsparadisecr.com\/es\/wp-json\/wp\/v2\/users\/1"}],"replies":[{"embeddable":true,"href":"https:\/\/www.petsparadisecr.com\/es\/wp-json\/wp\/v2\/comments?post=156"}],"version-history":[{"count":45,"href":"https:\/\/www.petsparadisecr.com\/es\/wp-json\/wp\/v2\/pages\/156\/revisions"}],"predecessor-version":[{"id":2547,"href":"https:\/\/www.petsparadisecr.com\/es\/wp-json\/wp\/v2\/pages\/156\/revisions\/2547"}],"wp:attachment":[{"href":"https:\/\/www.petsparadisecr.com\/es\/wp-json\/wp\/v2\/media?parent=156"}],"curies":[{"name":"wp","href":"https:\/\/api.w.org\/{rel}","templated":true}]}}