{"id":1056,"date":"2017-01-29T17:00:58","date_gmt":"2017-01-29T16:00:58","guid":{"rendered":"https:\/\/www.petsparadisecr.com\/?page_id=1056"},"modified":"2017-02-06T14:02:10","modified_gmt":"2017-02-06T13:02:10","slug":"agility","status":"publish","type":"page","link":"https:\/\/www.petsparadisecr.com\/es\/agility\/","title":{"rendered":"Agility"},"content":{"rendered":"<p>[vc_row type=\u00bbfull_width_background\u00bb bg_image=\u00bb1285&#8243; overlay=\u00bbtrue\u00bb overlay_color=\u00bbrgba(30,30,30,0.23)\u00bb class=\u00bbcover bgcenter\u00bb][vc_column][vc_custom_heading source=\u00bbpost_title\u00bb font_container=\u00bbtag:h2|font_size:36|text_align:left|color:%23ffffff\u00bb use_theme_fonts=\u00bbyes\u00bb css_animation=\u00bbfadeInRight\u00bb css=\u00bb.vc_custom_1486211133253{padding-top: 150px !important;padding-bottom: 200px !important;background-position: center !important;background-repeat: no-repeat !important;background-size: cover !important;}\u00bb el_class=\u00bbshadow\u00bb][\/vc_column][\/vc_row][vc_row overlay=\u00bbtrue\u00bb overlay_color=\u00bbrgba(30,30,30,0.23)\u00bb][vc_column][vc_custom_heading text=\u00bbQUE ES EL AGILITY?\u00bb font_container=\u00bbtag:h2|text_align:center\u00bb use_theme_fonts=\u00bbyes\u00bb css_animation=\u00bbbounceInDown\u00bb][\/vc_column][\/vc_row][vc_row type=\u00bbfull_width_background\u00bb][vc_column width=\u00bb1\/2&#8243;][vc_column_text css_animation=\u00bbfadeInLeft\u00bb]El Agility es un deporte canino abierto a todos los perros (sea cual sea su raza, con o sin pedigr\u00ed) que consiste en hacerlos superar diversos obst\u00e1culos con el fin de valorar su concentraci\u00f3n y agilidad. Constituye una modalidad deportiva y educativa que pretende mejorar la integraci\u00f3n del perro con su due\u00f1o y en la sociedad.<\/p>\n<p>Este deporte naci\u00f3 en 1978 y tiene sus or\u00edgenes en las competencias h\u00edpicas de saltos.\u00a0 Se trataba de una pista de obst\u00e1culos, los cuales hab\u00edan de ser superados por el perro seg\u00fan las indicaciones de su manejador. Tanto le gust\u00f3 al p\u00fablico ver a los perros saltar y correr felices al lado de sus due\u00f1os\/manejadores, quienes los dirig\u00edan y daban \u00e1nimo durante todo el recorrido, que esta nueva modalidad traspas\u00f3 muy r\u00e1pido las fronteras. Ya se ha extendido a nivel mundial, donde Costa Rica no es la excepci\u00f3n.<\/p>\n<p>Esta disciplina implica una buena armon\u00eda entre el perro y su manejador, lo que dar\u00e1 como resultado un perfecto entendimiento entre ambos. Por tanto, es preciso que los competidores posean las bases elementales de educaci\u00f3n y obediencia. El recorrido de AGILITY no es una carrera de velocidad, sino una competici\u00f3n de destreza y habilidad.<\/p>\n<p>\u00bfEn qu\u00e9 consiste exactamente? Bajo las \u00f3rdenes de un gu\u00eda, el perro completa un circuito donde debe atravesar obst\u00e1culos (alrededor de 20) en el menor tiempo posible y con las m\u00ednimas faltas. Las pruebas van desde saltar vallas a lo alto y a lo largo, pasar a trav\u00e9s de t\u00faneles y llantas\/aros, hasta hacer un zigzag por una l\u00ednea de postes o pasar por una pasarela de 1,20 metros de altura.[\/vc_column_text][\/vc_column][vc_column width=\u00bb1\/2&#8243; el_class=\u00bbimg-hover\u00bb][media animation=\u00bbRight\u00bb link=\u00bb\u00bb image=\u00bb1067&#8243;][\/vc_column][\/vc_row][vc_row type=\u00bbfull_width_background\u00bb bg_color=\u00bb#efefef\u00bb top_padding=\u00bb50&#8243; bottom_padding=\u00bb50&#8243;][vc_column width=\u00bb1\/2&#8243; el_class=\u00bbimg-hover\u00bb][media link=\u00bb\u00bb image=\u00bb1071&#8243;][\/vc_column][vc_column width=\u00bb1\/2&#8243;][vc_column_text css_animation=\u00bbfadeInRight\u00bb]Esta disciplina requiere y pone en evidencia la buena armon\u00eda entre el can y su gu\u00eda. Por tanto es necesario que los participantes posean las bases elementales de una buena preparaci\u00f3n en obediencia y educaci\u00f3n canina.<\/p>\n<p>El Agility puede practicarse de dos formas: como una actividad recreativa, o como deporte profesional, ambos modos son compatibles. Practicarlo de una u otro modo, tiene grandes ventajas; ya que se logra que propietario y perro disfruten juntos, practiquen ejercicio f\u00edsico, compartan alegr\u00edas e infortunios y consigue una educaci\u00f3n y obediencia del can incomparable.<\/p>\n<p>El Agility es sin duda un m\u00e9todo id\u00f3neo de educaci\u00f3n, obediencia y sociabilidad del perro. Para aquellos a los que les guste la competici\u00f3n, nada mejor, ya que en esta modalidad los resultados son totalmente objetivos, ya que dependeran del tiempo y las faltas ocurridas en el recorrido.<\/p>\n<p>Pets\u00b4 Paradise cuenta hoy en d\u00eda con unos 10 a\u00f1os de experiencia en la pr\u00e1ctica y ense\u00f1anza de este deporte, tenemos las puertas abiertas para que usted y su perro se inicien con nosotros en la pr\u00e1ctica de este divertido deporte&#8230;![\/vc_column_text][\/vc_column][\/vc_row][vc_row type=\u00bbfull_width_background\u00bb bg_image=\u00bb1082&#8243; bg_position=\u00bbcenter center\u00bb parallax_bg=\u00bbtrue\u00bb top_padding=\u00bb200&#8243; bottom_padding=\u00bb200&#8243;][vc_column el_class=\u00bbdark-section\u00bb][\/vc_column][\/vc_row][vc_row type=\u00bbfull_width_background\u00bb][vc_column][block_title padding_desc=\u00bb10&#8243; title=\u00bbNUESTRA HISTORIA EN EL AGILITY DE COSTA RICA \u00ab][\/block_title][vc_column_text css_animation=\u00bbfadeIn\u00bb]En el a\u00f1o 2003 el Sr. Jory Freimann, quien es actualmente el director de Pets Paradise, trajo el primer equipo de y organiz\u00f3 el primer y \u00fanico Club de Flyball de CR, iniciando as\u00ed en nuestro pa\u00eds el inter\u00e9s por este tipo de deportes caninos.\u00a0 Al poco tiempo surge la idea de formar tambi\u00e9n un club de Agility.\u00a0 Teniendo esta idea en mente, se crea nuestro club COSTA RICA AGILITY TEAM, cuyos fundadores, directores y adiestradores son el equipo del Sr. Jory Freimann y la Dra. Mary C. Marin.<\/p>\n<p>Poco a poco la agilidad canina fue ganando adeptos y cada vez m\u00e1s personas se interesaron en practicarlo.\u00a0 Para el a\u00f1o 2004 ya se realizaban en nuestro pa\u00eds los primeros eventos no oficiales de agilidad, que aunque no eran avalados oficialmente por ninguna organizacion, ayudaron mucho al desarrollo del deporte.<\/p>\n<p>Aun asi, los interesados en participar en Competencia oficiales deb\u00edan viajar al extranjero. Es durante uno de estos eventos en Guatemala donde el Sr. Freimann entabla relaciones el Sr. Kenneth Tatsch, quien ejerc\u00eda como juez del evento, y lo invita a venir a nuestro pa\u00eds a juzgar el que ser\u00eda el Primer Evento Oficial de Agilidad Canina.\u00a0 El Sr. Tatsch accede gustoso, por lo que en el mes de junio del a\u00f1o 2005 se realiza este primer Torneo Oficial de Agilidad Canina, avalado por la Asociaci\u00f3n Can\u00f3fila Costarricense (ACC) y apoyado por su entonces presidente el Sr. Alan Cukier.<\/p>\n<p>Luego de esta primera competencia, Pets Paradise a trav\u00e9s de su club de agility COSTA RICA AGILITY TEAM, entabla una estrecha relaci\u00f3n con el se\u00f1or Kenneth Tatsch, Fundador y Presidente de la United States Dog Agility Association (USDAA), organizaci\u00f3n dedicada exclusivamente al deporte de la Agilidad Canina, siendo en la actualidad la Asociaci\u00f3n Privada de Agilidad Canina m\u00e1s grande del \u00e1mbito mundial (ver Por qu\u00e9 elegimos USDAA).<\/p>\n<p>Por lo que tomando en cuenta el gran nivel de desarrollo, organizaci\u00f3n y altos est\u00e1ndares de calidad que posee la United State Dog Agility Association, En febrero del 2006, Pets\u00b4 Paradise decide afiliar su club de agilidad Canina, el\u00a0 <strong>Costa Rica Agility Club<\/strong>, a dicha organizaci\u00f3n.\u00a0 De esta manera se inicia una nueva etapa en el agility de Costa Rica, contando ya con eventos Oficiales de Agildad bajo las regulaciones de USDAA; siendo estos los UNICOS eventos oficiales que se realizan en nuestro pa\u00eds.<\/p>\n<p>Ya son m\u00e1s de 12 a\u00f1os organizando Competencias, Eventos y Seminarios realizados bajo nuestra responsabilidad. Con todo esto hemos logrado el aprendizaje y motivaci\u00f3n de todos los participantes y el deleite del p\u00fablico.<\/p>\n<p>Es importante recalcar, que durante estos eventos los perros tienen la\u00a0 oportunidad de obtener puntos clasificatorios que los califican para su posible\u00a0 participaci\u00f3n en los World Games Cynosport que se realizan cada a\u00f1o en USA.\u00a0 En los a\u00f1os 2006, 2007, 2012 y 2015, varios perros del Sr. Freimann y la Dra. Mar\u00edn han logrado clasificar para participar y as\u00ed han logrado representado a nuestro pa\u00eds y tan prestigioso Torneo.<\/p>\n<p>Pets Paradise ha realizado tambi\u00e9n varios Seminarios de Formaci\u00f3n de Jueces de Agilidad Canina USDAA.\u00a0 Gracias a los cuales Costa Rica cuenta\u00a0 con cuatro Jueces Oficiales certificados por USDAA; Sr. Jory Freimann, Sra. Carina Lundberg, M.Sc. Isabel Salas y la Dra. Mary C Mar\u00edn. Desde entonces y con el fin de seguir el desarrollo de este deporte hemos organizado muchos otros Seminarios y Cl\u00ednicas de Agilidad Canina (ver Seminarios)<\/p>\n<p>Los a\u00f1os pasaron y el camino no ha sido f\u00e1cil, pero ya son casi 10 a\u00f1os de practicar y promover este maravilloso deporte en nuestro pa\u00eds. Gracias al esfuerzo, persistencia y profesionalismo de Pets Paradise, el agility ha seguido creciendo en Costa Rica.\u00a0 El COSTA RICA AGILITY CLUB ha seguido organizando Torneo Oficiales, Seminarios de formaci\u00f3n y clases donde puede participar todo aquella persona interesada en que su perro aprenda este admirable deporte.<\/p>\n<p>A trav\u00e9s de todos estos a\u00f1os,\u00a0 nuestros perros han representado a Costa Rica en numerosos eventos internacionales dejado el nombre de nuestro pa\u00eds muy en alto (Ver Participaciones Internacionales).<\/p>\n<p>Esperamos de todo coraz\u00f3n que este maravilloso deporte siga creciendo en nuestro pa\u00eds y por medio de esta p\u00e1gina, mantenerlo a usted\u00a0 informado de los sucesos m\u00e1s relevantes del L AGILIDAD CANINA EN COSTA RICA\u2026[\/vc_column_text][\/vc_column][\/vc_row][vc_row][vc_column enable_animation=\u00bbtrue\u00bb animation=\u00bbfadeInUp\u00bb][block_title padding_desc=\u00bb10&#8243; title=\u00bbNUESTRA PARTICIPACION EN COMPETENCIAS INTERNACIONALES\u00bb]Nuestros perros han representado a Costa Rica en numerosos eventos internacionales\u00a0 dejando el nombre de nuestro pa\u00eds muy en alto.\u00a0 Entre estos eventos podemos mencionar:[\/block_title][\/vc_column][\/vc_row][vc_row][vc_column width=\u00bb1\/2&#8243; enable_animation=\u00bbtrue\u00bb animation=\u00bbfadeInLeft\u00bb][list icon=\u00bbmoon-checkmark-circle-2&#8243;][list_item title=\u00bbAmerica and the Caribbean Guatemala 2005&#8243;][list_item title=\u00bbAgilityTrial of the Miami Obedience Club, USA 2006&#8243;][list_item title=\u00bbCynosportWorld Games, Phoenix USA 2006.\u00bb][list_item title=\u00bbCynosportWorld Games, Phoenix USA 2007.\u00bb][list_item title=\u00bbSimi Valley AKC Trial, California USA 2009&#8243;][list_item title=\u00bbDriven dogs in Fillmore, California, USA 2009.\u00bb][list_item title=\u00bbFree Spirit, Miami, USA 2009.\u00bb][list_item title=\u00bbDallas Agility Working Group, USA 2010&#8243;][list_item title=\u00bbTheBay Team, Santa Rosa California, USA 2012&#8243;][list_item title=\u00bbOpen Latinoamericamo de Agilidad Canina, Guatemala 2012&#8243;][list_item title=\u00bbCynosportWorld Games, Denver 2012&#8243;][list_item title=\u00bbAgility Guatemala, Guatemala, 2014&#8243;][list_item title=\u00bbAgility El Salvador, El Salvador, 2015&#8243;][list_item title=\u00bbAgility Club del Sur, Mexico DF, 2015&#8243;][list_item title=\u00bbCynosport World Games, Nashville 2015&#8243;][\/list][\/vc_column][vc_column width=\u00bb1\/2&#8243;][media link=\u00bb\u00bb image=\u00bb1094&#8243;][\/vc_column][\/vc_row][vc_row type=\u00bbfull_width_background\u00bb bg_color=\u00bb#efefef\u00bb top_padding=\u00bb50&#8243; bottom_padding=\u00bb50&#8243; class=\u00bbnomargins\u00bb][vc_column][block_title padding_desc=\u00bb10&#8243; title=\u00bbNUESTROS JUECES\u00bb]Nuestra juez, la Dra. Mary Camen Marin han representado a Costa Rica como juez internacional en numerosos eventos internacionales. Entre estos eventos podemos mencionar:[\/block_title][vc_row_inner][vc_column_inner width=\u00bb1\/2&#8243; enable_animation=\u00bbtrue\u00bb animation=\u00bbfadeInLeft\u00bb][list icon=\u00bbmoon-checkmark-circle-2&#8243;][list_item title=\u00bbDallas Agility Working Group, USA 2010&#8243;][list_item title=\u00bbCanine Combustion Dog Agility Club, USA 2013&#8243;][list_item title=\u00bbAgility Guatemala, Guatemala, 2014&#8243;][list_item title=\u00bbAgility El Salvador, El Salvador, 2015&#8243;][list_item title=\u00bbHappy Dogs Club, Mexico DF, 2016&#8243;][\/list][\/vc_column_inner][vc_column_inner width=\u00bb1\/2&#8243;][media link=\u00bb\u00bb image=\u00bb1098&#8243;][\/vc_column_inner][\/vc_row_inner][\/vc_column][\/vc_row]<\/p>","protected":false},"excerpt":{"rendered":"<p>[vc_row type=\u00bbfull_width_background\u00bb bg_image=\u00bb1285&#8243; overlay=\u00bbtrue\u00bb overlay_color=\u00bbrgba(30,30,30,0.23)\u00bb class=\u00bbcover bgcenter\u00bb][vc_column][vc_custom_heading source=\u00bbpost_title\u00bb font_container=\u00bbtag:h2|font_size:36|text_align:left|color:%23ffffff\u00bb use_theme_fonts=\u00bbyes\u00bb css_animation=\u00bbfadeInRight\u00bb css=\u00bb.vc_custom_1486211133253{padding-top: 150px !important;padding-bottom: 200px !important;background-position: center !important;background-repeat: no-repeat !important;background-size: cover !important;}\u00bb el_class=\u00bbshadow\u00bb][\/vc_column][\/vc_row][vc_row overlay=\u00bbtrue\u00bb overlay_color=\u00bbrgba(30,30,30,0.23)\u00bb][vc_column][vc_custom_heading text=\u00bbQUE ES EL AGILITY?\u00bb font_container=\u00bbtag:h2|text_align:center\u00bb use_theme_fonts=\u00bbyes\u00bb css_animation=\u00bbbounceInDown\u00bb][\/vc_column][\/vc_row][vc_row type=\u00bbfull_width_background\u00bb][vc_column width=\u00bb1\/2&#8243;][vc_column_text css_animation=\u00bbfadeInLeft\u00bb]El Agility es un deporte canino abierto a todos los perros (sea cual sea su raza, con o sin pedigr\u00ed) que [&hellip;]<\/p>\n","protected":false},"author":1,"featured_media":0,"parent":0,"menu_order":0,"comment_status":"closed","ping_status":"closed","template":"","meta":[],"_links":{"self":[{"href":"https:\/\/www.petsparadisecr.com\/es\/wp-json\/wp\/v2\/pages\/1056"}],"collection":[{"href":"https:\/\/www.petsparadisecr.com\/es\/wp-json\/wp\/v2\/pages"}],"about":[{"href":"https:\/\/www.petsparadisecr.com\/es\/wp-json\/wp\/v2\/types\/page"}],"author":[{"embeddable":true,"href":"https:\/\/www.petsparadisecr.com\/es\/wp-json\/wp\/v2\/users\/1"}],"replies":[{"embeddable":true,"href":"https:\/\/www.petsparadisecr.com\/es\/wp-json\/wp\/v2\/comments?post=1056"}],"version-history":[{"count":52,"href":"https:\/\/www.petsparadisecr.com\/es\/wp-json\/wp\/v2\/pages\/1056\/revisions"}],"predecessor-version":[{"id":1409,"href":"https:\/\/www.petsparadisecr.com\/es\/wp-json\/wp\/v2\/pages\/1056\/revisions\/1409"}],"wp:attachment":[{"href":"https:\/\/www.petsparadisecr.com\/es\/wp-json\/wp\/v2\/media?parent=1056"}],"curies":[{"name":"wp","href":"https:\/\/api.w.org\/{rel}","templated":true}]}}